{"id":6,"date":"2025-09-12T21:58:06","date_gmt":"2025-09-12T21:58:06","guid":{"rendered":"http:\/\/meduseraconte.fr\/?page_id=6"},"modified":"2025-09-24T20:03:37","modified_gmt":"2025-09-24T20:03:37","slug":"a-propos","status":"publish","type":"page","link":"https:\/\/meduseraconte.fr\/","title":{"rendered":"La r\u00e9f\u00e9rence fran\u00e7aise des histoires qui font peur"},"content":{"rendered":"\n<div class=\"wp-block-group alignfull is-layout-flow wp-block-group-is-layout-flow\">\n<div class=\"wp-block-group has-global-padding is-layout-constrained wp-block-group-is-layout-constrained\">\n<div class=\"wp-block-group alignwide is-content-justification-space-between is-nowrap is-layout-flex wp-container-core-group-is-layout-8165f36a wp-block-group-is-layout-flex\" style=\"padding-top:var(--wp--preset--spacing--30);padding-bottom:var(--wp--preset--spacing--30)\">\n<div class=\"wp-block-group is-content-justification-right is-nowrap is-layout-flex wp-container-core-group-is-layout-f4c28e8b wp-block-group-is-layout-flex\">\n<div class=\"wp-block-columns is-layout-flex wp-container-core-columns-is-layout-28f84493 wp-block-columns-is-layout-flex\">\n<div class=\"wp-block-column is-layout-flow wp-block-column-is-layout-flow\" style=\"flex-basis:100%\"><\/div>\n<\/div>\n<\/div>\n\n\n<p class=\"wp-block-site-title\"><a href=\"https:\/\/meduseraconte.fr\" target=\"_self\" rel=\"home\">M\u00e9duse Raconte<\/a><\/p><\/div>\n<\/div>\n<\/div>\n\n\n\n<div class=\"wp-block-cover alignfull is-repeated has-custom-content-position is-position-top-left\" style=\"margin-top:0;margin-bottom:0;padding-top:var(--wp--preset--spacing--50);padding-right:var(--wp--preset--spacing--50);padding-bottom:var(--wp--preset--spacing--50);padding-left:var(--wp--preset--spacing--50);min-height:840px;aspect-ratio:unset;\"><div class=\"wp-block-cover__image-background wp-image-13 size-large is-repeated\" style=\"background-position:50% 50%;background-image:url(https:\/\/meduseraconte.fr\/wp-content\/uploads\/2025\/09\/20250810_2133_Dreamy-Jellyfish-Elegance_simple_compose_01k2aqhp32fcgafncjvzn6ra2p-1-683x1024.png)\"><\/div><span aria-hidden=\"true\" class=\"wp-block-cover__background has-background-dim-10 has-background-dim\" style=\"background-color:#545e81\"><\/span><div class=\"wp-block-cover__inner-container has-global-padding is-layout-constrained wp-container-core-cover-is-layout-d89aad35 wp-block-cover-is-layout-constrained\">\n<div class=\"wp-block-group alignwide has-global-padding is-content-justification-left is-layout-constrained wp-container-core-group-is-layout-12dd3699 wp-block-group-is-layout-constrained\">\n<h2 class=\"wp-block-heading has-text-align-left has-xx-large-font-size\">Plongez dans les r\u00e9cits myst\u00e9rieux de votre M\u00e9duse pr\u00e9f\u00e9r\u00e9e \ud83e\udebc<\/h2>\n\n\n\n<p>Des r\u00e9cits envo\u00fbtants, \u00e0 la fronti\u00e8re du r\u00e9el et de l\u2019imaginaire.<\/p>\n\n\n\n<div class=\"wp-block-buttons is-layout-flex wp-block-buttons-is-layout-flex\">\n<div class=\"wp-block-button\"><a class=\"wp-block-button__link wp-element-button\">Entrez dans les t\u00e9n\u00e8bres<\/a><\/div>\n<\/div>\n<\/div>\n<\/div><\/div>\n\n\n\n<div class=\"wp-block-group alignfull is-style-default has-accent-5-background-color has-background has-small-font-size has-global-padding is-layout-constrained wp-container-core-group-is-layout-be04af43 wp-block-group-is-layout-constrained\" style=\"margin-top:0;margin-bottom:0\">\n<div class=\"wp-block-group alignwide is-layout-grid wp-container-core-group-is-layout-5fdb10e5 wp-block-group-is-layout-grid\" style=\"padding-top:var(--wp--preset--spacing--50);padding-bottom:var(--wp--preset--spacing--50)\">\n<div class=\"wp-block-group is-vertical is-content-justification-stretch is-nowrap is-layout-flex wp-container-core-group-is-layout-627337ab wp-block-group-is-layout-flex\">\n<div class=\"wp-block-group is-vertical is-content-justification-left is-layout-flex wp-container-core-group-is-layout-dd225191 wp-block-group-is-layout-flex\">\n<h2 class=\"wp-block-heading is-style-text-annotation is-style-text-annotation--1\">\u00c0 propos<\/h2>\n\n\n\n<p class=\"is-style-text-subtitle is-style-text-subtitle--2\">M\u00e9duse Raconte est un espace d\u00e9di\u00e9 aux histoires qui captivent et transportent.<\/p>\n\n\n\n<p class=\"is-style-text-subtitle is-style-text-subtitle--3\">Chaque texte est une invitation \u00e0 plonger dans un univers unique. <\/p>\n\n\n\n<p class=\"is-style-text-subtitle is-style-text-subtitle--4\">Derri\u00e8re ce projet se cache une passion pour les mots et l\u2019envie de partager des histoires envo\u00fbtantes.<\/p>\n<\/div>\n<\/div>\n<\/div>\n<\/div>\n\n\n\n<div class=\"wp-block-group alignfull has-global-padding is-layout-constrained wp-block-group-is-layout-constrained\" style=\"margin-top:0;margin-bottom:0\">\n<div class=\"wp-block-group alignwide is-layout-flow wp-container-core-group-is-layout-d58a0413 wp-block-group-is-layout-flow\" style=\"padding-top:var(--wp--preset--spacing--50);padding-bottom:var(--wp--preset--spacing--50)\">\n<h2 class=\"wp-block-heading has-x-large-font-size\">Foire aux questions<\/h2>\n\n\n\n<div class=\"wp-block-columns is-layout-flex wp-container-core-columns-is-layout-cbe57604 wp-block-columns-is-layout-flex\">\n<div class=\"wp-block-column is-layout-flow wp-block-column-is-layout-flow\">\n<div class=\"wp-block-group is-layout-flow wp-block-group-is-layout-flow\" style=\"border-top-color:var(--wp--preset--color--accent-6);border-top-width:1px;padding-top:var(--wp--preset--spacing--30);padding-bottom:var(--wp--preset--spacing--30)\">\n<h3 class=\"wp-block-heading\">De quoi parlent ces \u00ab&nbsp;Histoires&nbsp;\u00bb&nbsp;?<\/h3>\n\n\n\n<p>Ces histoires te plongent dans l\u2019ombre. Elles racontent aussi bien des <strong>affaires criminelles gla\u00e7antes<\/strong> (r\u00e9solues et non r\u00e9solu\u00e9s), des <strong>disparitions <\/strong>inqui\u00e9tantes ou encore des <strong>crimes passionnels<\/strong> qui d\u00e9passent l\u2019imagination.<br>M\u00e9duse vous raconte aussi des histoires sont <strong>purement fictives<\/strong>, con\u00e7ues pour vous faire frissonner comme autour d\u2019un feu de camp \u2014 r\u00e9cits paranormaux, histoires immersives o\u00f9 <strong>vous d\u00e9cidez de votre propre sort<\/strong>.<br>Enfin, une partie du site explore aussi des <strong>faits r\u00e9els \u00e9tranges et d\u00e9rangeants<\/strong> (rubrique <em>Le Saviez-Vous ?<\/em>) et une autre plonge dans l\u2019univers des <strong>films d\u2019horreur<\/strong> pour analyser ce qui nous terrifie \u00e0 l\u2019\u00e9cran.<\/p>\n<\/div>\n<\/div>\n\n\n\n<div class=\"wp-block-column is-layout-flow wp-block-column-is-layout-flow\"><\/div>\n<\/div>\n\n\n\n<div class=\"wp-block-columns is-layout-flex wp-container-core-columns-is-layout-cbe57604 wp-block-columns-is-layout-flex\">\n<div class=\"wp-block-column is-layout-flow wp-block-column-is-layout-flow\">\n<div class=\"wp-block-group is-layout-flow wp-block-group-is-layout-flow\" style=\"border-top-color:var(--wp--preset--color--accent-6);border-top-width:1px;padding-top:var(--wp--preset--spacing--30);padding-bottom:var(--wp--preset--spacing--30)\">\n<h3 class=\"wp-block-heading\">Existe-il une version E-book&nbsp;?<\/h3>\n\n\n\n<p>Oui. Un <strong>E-book sp\u00e9cial<\/strong> est en pr\u00e9paration. Il regroupera des histoires exclusives : certaines tir\u00e9es d\u2019affaires r\u00e9elles gla\u00e7antes, d\u2019autres cr\u00e9\u00e9es pour vous offrir une <strong>lecture immersive<\/strong> que vous pourrez emporter partout. Ce format sera l\u2019occasion de plonger plus profond\u00e9ment dans l\u2019univers, avec des contenus in\u00e9dits non publi\u00e9s sur le site.<\/p>\n<\/div>\n<\/div>\n\n\n\n<div class=\"wp-block-column is-layout-flow wp-block-column-is-layout-flow\">\n<div class=\"wp-block-group is-layout-flow wp-block-group-is-layout-flow\" style=\"border-top-color:var(--wp--preset--color--accent-6);border-top-width:1px;padding-top:var(--wp--preset--spacing--30);padding-bottom:var(--wp--preset--spacing--30)\">\n<h3 class=\"wp-block-heading\">Comment puis-je soutenir ce projet ?<\/h3>\n\n\n\n<p>Vous pouvez soutenir ce projet en <strong>partageant<\/strong> les histoires, en <strong>laissant vos impressions<\/strong>, ou en achetant les E-books disponibles. Plus tard, vous pourrez \u00e9galement soutenir via des <strong>abonnements premium<\/strong> qui donneront acc\u00e8s \u00e0 des histoires exclusives, ou m\u00eame proposer vos propres r\u00e9cits \u00e0 mettre en lumi\u00e8re autour du feu.<\/p>\n<\/div>\n<\/div>\n<\/div>\n<\/div>\n<\/div>\n\n\n\n<div class=\"wp-block-group alignfull has-global-padding is-layout-constrained wp-container-core-group-is-layout-08655630 wp-block-group-is-layout-constrained\" style=\"margin-top:0;margin-bottom:0;padding-top:var(--wp--preset--spacing--80);padding-bottom:var(--wp--preset--spacing--80)\">\n<div class=\"wp-block-group alignwide is-layout-flow wp-block-group-is-layout-flow\">\n<p class=\"has-text-align-center is-style-text-display is-style-text-display--5\" style=\"font-style:normal;font-weight:400\">Vous avez des questions&nbsp;? <br><a href=\"#\" rel=\"nofollow\">N\u2019h\u00e9sitez pas \u00e0 nous contacter.<\/a><\/p>\n\n\n\n<div style=\"height:var(--wp--preset--spacing--40)\" aria-hidden=\"true\" class=\"wp-block-spacer\"><\/div>\n\n\n\n<ul class=\"wp-block-social-links has-icon-color is-style-logos-only is-content-justification-center is-layout-flex wp-container-core-social-links-is-layout-a89b3969 wp-block-social-links-is-layout-flex\"><li class=\"wp-social-link wp-social-link-twitter has-contrast-color wp-block-social-link\"><a href=\"#\" class=\"wp-block-social-link-anchor\"><svg width=\"24\" height=\"24\" viewBox=\"0 0 24 24\" version=\"1.1\" xmlns=\"http:\/\/www.w3.org\/2000\/svg\" aria-hidden=\"true\" focusable=\"false\"><path d=\"M22.23,5.924c-0.736,0.326-1.527,0.547-2.357,0.646c0.847-0.508,1.498-1.312,1.804-2.27 c-0.793,0.47-1.671,0.812-2.606,0.996C18.324,4.498,17.257,4,16.077,4c-2.266,0-4.103,1.837-4.103,4.103 c0,0.322,0.036,0.635,0.106,0.935C8.67,8.867,5.647,7.234,3.623,4.751C3.27,5.357,3.067,6.062,3.067,6.814 c0,1.424,0.724,2.679,1.825,3.415c-0.673-0.021-1.305-0.206-1.859-0.513c0,0.017,0,0.034,0,0.052c0,1.988,1.414,3.647,3.292,4.023 c-0.344,0.094-0.707,0.144-1.081,0.144c-0.264,0-0.521-0.026-0.772-0.074c0.522,1.63,2.038,2.816,3.833,2.85 c-1.404,1.1-3.174,1.756-5.096,1.756c-0.331,0-0.658-0.019-0.979-0.057c1.816,1.164,3.973,1.843,6.29,1.843 c7.547,0,11.675-6.252,11.675-11.675c0-0.178-0.004-0.355-0.012-0.531C20.985,7.47,21.68,6.747,22.23,5.924z\"><\/path><\/svg><span class=\"wp-block-social-link-label screen-reader-text\">Twitter<\/span><\/a><\/li>\n\n<li class=\"wp-social-link wp-social-link-facebook has-contrast-color wp-block-social-link\"><a href=\"#\" class=\"wp-block-social-link-anchor\"><svg width=\"24\" height=\"24\" viewBox=\"0 0 24 24\" version=\"1.1\" xmlns=\"http:\/\/www.w3.org\/2000\/svg\" aria-hidden=\"true\" focusable=\"false\"><path d=\"M12 2C6.5 2 2 6.5 2 12c0 5 3.7 9.1 8.4 9.9v-7H7.9V12h2.5V9.8c0-2.5 1.5-3.9 3.8-3.9 1.1 0 2.2.2 2.2.2v2.5h-1.3c-1.2 0-1.6.8-1.6 1.6V12h2.8l-.4 2.9h-2.3v7C18.3 21.1 22 17 22 12c0-5.5-4.5-10-10-10z\"><\/path><\/svg><span class=\"wp-block-social-link-label screen-reader-text\">Facebook<\/span><\/a><\/li>\n\n<li class=\"wp-social-link wp-social-link-instagram has-contrast-color wp-block-social-link\"><a href=\"#\" class=\"wp-block-social-link-anchor\"><svg width=\"24\" height=\"24\" viewBox=\"0 0 24 24\" version=\"1.1\" xmlns=\"http:\/\/www.w3.org\/2000\/svg\" aria-hidden=\"true\" focusable=\"false\"><path d=\"M12,4.622c2.403,0,2.688,0.009,3.637,0.052c0.877,0.04,1.354,0.187,1.671,0.31c0.42,0.163,0.72,0.358,1.035,0.673 c0.315,0.315,0.51,0.615,0.673,1.035c0.123,0.317,0.27,0.794,0.31,1.671c0.043,0.949,0.052,1.234,0.052,3.637 s-0.009,2.688-0.052,3.637c-0.04,0.877-0.187,1.354-0.31,1.671c-0.163,0.42-0.358,0.72-0.673,1.035 c-0.315,0.315-0.615,0.51-1.035,0.673c-0.317,0.123-0.794,0.27-1.671,0.31c-0.949,0.043-1.233,0.052-3.637,0.052 s-2.688-0.009-3.637-0.052c-0.877-0.04-1.354-0.187-1.671-0.31c-0.42-0.163-0.72-0.358-1.035-0.673 c-0.315-0.315-0.51-0.615-0.673-1.035c-0.123-0.317-0.27-0.794-0.31-1.671C4.631,14.688,4.622,14.403,4.622,12 s0.009-2.688,0.052-3.637c0.04-0.877,0.187-1.354,0.31-1.671c0.163-0.42,0.358-0.72,0.673-1.035 c0.315-0.315,0.615-0.51,1.035-0.673c0.317-0.123,0.794-0.27,1.671-0.31C9.312,4.631,9.597,4.622,12,4.622 M12,3 C9.556,3,9.249,3.01,8.289,3.054C7.331,3.098,6.677,3.25,6.105,3.472C5.513,3.702,5.011,4.01,4.511,4.511 c-0.5,0.5-0.808,1.002-1.038,1.594C3.25,6.677,3.098,7.331,3.054,8.289C3.01,9.249,3,9.556,3,12c0,2.444,0.01,2.751,0.054,3.711 c0.044,0.958,0.196,1.612,0.418,2.185c0.23,0.592,0.538,1.094,1.038,1.594c0.5,0.5,1.002,0.808,1.594,1.038 c0.572,0.222,1.227,0.375,2.185,0.418C9.249,20.99,9.556,21,12,21s2.751-0.01,3.711-0.054c0.958-0.044,1.612-0.196,2.185-0.418 c0.592-0.23,1.094-0.538,1.594-1.038c0.5-0.5,0.808-1.002,1.038-1.594c0.222-0.572,0.375-1.227,0.418-2.185 C20.99,14.751,21,14.444,21,12s-0.01-2.751-0.054-3.711c-0.044-0.958-0.196-1.612-0.418-2.185c-0.23-0.592-0.538-1.094-1.038-1.594 c-0.5-0.5-1.002-0.808-1.594-1.038c-0.572-0.222-1.227-0.375-2.185-0.418C14.751,3.01,14.444,3,12,3L12,3z M12,7.378 c-2.552,0-4.622,2.069-4.622,4.622S9.448,16.622,12,16.622s4.622-2.069,4.622-4.622S14.552,7.378,12,7.378z M12,15 c-1.657,0-3-1.343-3-3s1.343-3,3-3s3,1.343,3,3S13.657,15,12,15z M16.804,6.116c-0.596,0-1.08,0.484-1.08,1.08 s0.484,1.08,1.08,1.08c0.596,0,1.08-0.484,1.08-1.08S17.401,6.116,16.804,6.116z\"><\/path><\/svg><span class=\"wp-block-social-link-label screen-reader-text\">Instagram<\/span><\/a><\/li>\n\n<li class=\"wp-social-link wp-social-link-pinterest has-contrast-color wp-block-social-link\"><a href=\"#\" class=\"wp-block-social-link-anchor\"><svg width=\"24\" height=\"24\" viewBox=\"0 0 24 24\" version=\"1.1\" xmlns=\"http:\/\/www.w3.org\/2000\/svg\" aria-hidden=\"true\" focusable=\"false\"><path d=\"M12.289,2C6.617,2,3.606,5.648,3.606,9.622c0,1.846,1.025,4.146,2.666,4.878c0.25,0.111,0.381,0.063,0.439-0.169 c0.044-0.175,0.267-1.029,0.365-1.428c0.032-0.128,0.017-0.237-0.091-0.362C6.445,11.911,6.01,10.75,6.01,9.668 c0-2.777,2.194-5.464,5.933-5.464c3.23,0,5.49,2.108,5.49,5.122c0,3.407-1.794,5.768-4.13,5.768c-1.291,0-2.257-1.021-1.948-2.277 c0.372-1.495,1.089-3.112,1.089-4.191c0-0.967-0.542-1.775-1.663-1.775c-1.319,0-2.379,1.309-2.379,3.059 c0,1.115,0.394,1.869,0.394,1.869s-1.302,5.279-1.54,6.261c-0.405,1.666,0.053,4.368,0.094,4.604 c0.021,0.126,0.167,0.169,0.25,0.063c0.129-0.165,1.699-2.419,2.142-4.051c0.158-0.59,0.817-2.995,0.817-2.995 c0.43,0.784,1.681,1.446,3.013,1.446c3.963,0,6.822-3.494,6.822-7.833C20.394,5.112,16.849,2,12.289,2\"><\/path><\/svg><span class=\"wp-block-social-link-label screen-reader-text\">Pinterest<\/span><\/a><\/li><\/ul>\n<\/div>\n<\/div>\n","protected":false},"excerpt":{"rendered":"<p>\u00c0 propos M\u00e9duse Raconte est un espace d\u00e9di\u00e9 aux histoires qui captivent et transportent. Chaque texte est une invitation \u00e0 plonger dans un univers unique. Derri\u00e8re ce projet se cache une passion pour les mots et l\u2019envie de partager des histoires envo\u00fbtantes. Foire aux questions De quoi parlent ces \u00ab&nbsp;Histoires&nbsp;\u00bb&nbsp;? Ces histoires te plongent dans [&hellip;]<\/p>\n","protected":false},"author":1,"featured_media":0,"parent":0,"menu_order":1,"comment_status":"closed","ping_status":"closed","template":"","meta":{"footnotes":""},"class_list":["post-6","page","type-page","status-publish","hentry"],"yoast_head":"<!-- This site is optimized with the Yoast SEO plugin v25.9 - https:\/\/yoast.com\/wordpress\/plugins\/seo\/ -->\n<title>La r\u00e9f\u00e9rence fran\u00e7aise des histoires qui font peur - M\u00e9duse Raconte<\/title>\n<meta name=\"description\" content=\"M\u00e9duse Raconte : plongez dans des histoires captivantes, entre r\u00e9alit\u00e9 et imaginaire, pour \u00e9veiller curiosit\u00e9 et \u00e9motions.\" \/>\n<meta name=\"robots\" content=\"index, follow, max-snippet:-1, max-image-preview:large, max-video-preview:-1\" \/>\n<link rel=\"canonical\" href=\"https:\/\/meduseraconte.fr\/\" \/>\n<meta property=\"og:locale\" content=\"fr_FR\" \/>\n<meta property=\"og:type\" content=\"article\" \/>\n<meta property=\"og:title\" content=\"La r\u00e9f\u00e9rence fran\u00e7aise des histoires qui font peur - M\u00e9duse Raconte\" \/>\n<meta property=\"og:description\" content=\"M\u00e9duse Raconte : plongez dans des histoires captivantes, entre r\u00e9alit\u00e9 et imaginaire, pour \u00e9veiller curiosit\u00e9 et \u00e9motions.\" \/>\n<meta property=\"og:url\" content=\"https:\/\/meduseraconte.fr\/\" \/>\n<meta property=\"og:site_name\" content=\"M\u00e9duse Raconte\" \/>\n<meta property=\"article:modified_time\" content=\"2025-09-24T20:03:37+00:00\" \/>\n<meta name=\"twitter:card\" content=\"summary_large_image\" \/>\n<meta name=\"twitter:label1\" content=\"Dur\u00e9e de lecture estim\u00e9e\" \/>\n\t<meta name=\"twitter:data1\" content=\"2 minutes\" \/>\n<script type=\"application\/ld+json\" class=\"yoast-schema-graph\">{\"@context\":\"https:\/\/schema.org\",\"@graph\":[{\"@type\":\"WebPage\",\"@id\":\"https:\/\/meduseraconte.fr\/\",\"url\":\"https:\/\/meduseraconte.fr\/\",\"name\":\"La r\u00e9f\u00e9rence fran\u00e7aise des histoires qui font peur - M\u00e9duse Raconte\",\"isPartOf\":{\"@id\":\"https:\/\/meduseraconte.fr\/#website\"},\"datePublished\":\"2025-09-12T21:58:06+00:00\",\"dateModified\":\"2025-09-24T20:03:37+00:00\",\"description\":\"M\u00e9duse Raconte : plongez dans des histoires captivantes, entre r\u00e9alit\u00e9 et imaginaire, pour \u00e9veiller curiosit\u00e9 et \u00e9motions.\",\"breadcrumb\":{\"@id\":\"https:\/\/meduseraconte.fr\/#breadcrumb\"},\"inLanguage\":\"fr-FR\",\"potentialAction\":[{\"@type\":\"ReadAction\",\"target\":[\"https:\/\/meduseraconte.fr\/\"]}]},{\"@type\":\"BreadcrumbList\",\"@id\":\"https:\/\/meduseraconte.fr\/#breadcrumb\",\"itemListElement\":[{\"@type\":\"ListItem\",\"position\":1,\"name\":\"Accueil\",\"item\":\"https:\/\/meduseraconte.fr\/\"},{\"@type\":\"ListItem\",\"position\":2,\"name\":\"La r\u00e9f\u00e9rence fran\u00e7aise des histoires qui font peur\"}]},{\"@type\":\"WebSite\",\"@id\":\"https:\/\/meduseraconte.fr\/#website\",\"url\":\"https:\/\/meduseraconte.fr\/\",\"name\":\"M\u00e9duse Raconte\",\"description\":\"Plongez dans les r\u00e9cits envo\u00fbtants de votre m\u00e9duse pr\u00e9f\u00e9r\u00e9e.\",\"potentialAction\":[{\"@type\":\"SearchAction\",\"target\":{\"@type\":\"EntryPoint\",\"urlTemplate\":\"https:\/\/meduseraconte.fr\/?s={search_term_string}\"},\"query-input\":{\"@type\":\"PropertyValueSpecification\",\"valueRequired\":true,\"valueName\":\"search_term_string\"}}],\"inLanguage\":\"fr-FR\"}]}<\/script>\n<!-- \/ Yoast SEO plugin. -->","yoast_head_json":{"title":"La r\u00e9f\u00e9rence fran\u00e7aise des histoires qui font peur - M\u00e9duse Raconte","description":"M\u00e9duse Raconte : plongez dans des histoires captivantes, entre r\u00e9alit\u00e9 et imaginaire, pour \u00e9veiller curiosit\u00e9 et \u00e9motions.","robots":{"index":"index","follow":"follow","max-snippet":"max-snippet:-1","max-image-preview":"max-image-preview:large","max-video-preview":"max-video-preview:-1"},"canonical":"https:\/\/meduseraconte.fr\/","og_locale":"fr_FR","og_type":"article","og_title":"La r\u00e9f\u00e9rence fran\u00e7aise des histoires qui font peur - M\u00e9duse Raconte","og_description":"M\u00e9duse Raconte : plongez dans des histoires captivantes, entre r\u00e9alit\u00e9 et imaginaire, pour \u00e9veiller curiosit\u00e9 et \u00e9motions.","og_url":"https:\/\/meduseraconte.fr\/","og_site_name":"M\u00e9duse Raconte","article_modified_time":"2025-09-24T20:03:37+00:00","twitter_card":"summary_large_image","twitter_misc":{"Dur\u00e9e de lecture estim\u00e9e":"2 minutes"},"schema":{"@context":"https:\/\/schema.org","@graph":[{"@type":"WebPage","@id":"https:\/\/meduseraconte.fr\/","url":"https:\/\/meduseraconte.fr\/","name":"La r\u00e9f\u00e9rence fran\u00e7aise des histoires qui font peur - M\u00e9duse Raconte","isPartOf":{"@id":"https:\/\/meduseraconte.fr\/#website"},"datePublished":"2025-09-12T21:58:06+00:00","dateModified":"2025-09-24T20:03:37+00:00","description":"M\u00e9duse Raconte : plongez dans des histoires captivantes, entre r\u00e9alit\u00e9 et imaginaire, pour \u00e9veiller curiosit\u00e9 et \u00e9motions.","breadcrumb":{"@id":"https:\/\/meduseraconte.fr\/#breadcrumb"},"inLanguage":"fr-FR","potentialAction":[{"@type":"ReadAction","target":["https:\/\/meduseraconte.fr\/"]}]},{"@type":"BreadcrumbList","@id":"https:\/\/meduseraconte.fr\/#breadcrumb","itemListElement":[{"@type":"ListItem","position":1,"name":"Accueil","item":"https:\/\/meduseraconte.fr\/"},{"@type":"ListItem","position":2,"name":"La r\u00e9f\u00e9rence fran\u00e7aise des histoires qui font peur"}]},{"@type":"WebSite","@id":"https:\/\/meduseraconte.fr\/#website","url":"https:\/\/meduseraconte.fr\/","name":"M\u00e9duse Raconte","description":"Plongez dans les r\u00e9cits envo\u00fbtants de votre m\u00e9duse pr\u00e9f\u00e9r\u00e9e.","potentialAction":[{"@type":"SearchAction","target":{"@type":"EntryPoint","urlTemplate":"https:\/\/meduseraconte.fr\/?s={search_term_string}"},"query-input":{"@type":"PropertyValueSpecification","valueRequired":true,"valueName":"search_term_string"}}],"inLanguage":"fr-FR"}]}},"_links":{"self":[{"href":"https:\/\/meduseraconte.fr\/index.php\/wp-json\/wp\/v2\/pages\/6","targetHints":{"allow":["GET"]}}],"collection":[{"href":"https:\/\/meduseraconte.fr\/index.php\/wp-json\/wp\/v2\/pages"}],"about":[{"href":"https:\/\/meduseraconte.fr\/index.php\/wp-json\/wp\/v2\/types\/page"}],"author":[{"embeddable":true,"href":"https:\/\/meduseraconte.fr\/index.php\/wp-json\/wp\/v2\/users\/1"}],"replies":[{"embeddable":true,"href":"https:\/\/meduseraconte.fr\/index.php\/wp-json\/wp\/v2\/comments?post=6"}],"version-history":[{"count":25,"href":"https:\/\/meduseraconte.fr\/index.php\/wp-json\/wp\/v2\/pages\/6\/revisions"}],"predecessor-version":[{"id":62,"href":"https:\/\/meduseraconte.fr\/index.php\/wp-json\/wp\/v2\/pages\/6\/revisions\/62"}],"wp:attachment":[{"href":"https:\/\/meduseraconte.fr\/index.php\/wp-json\/wp\/v2\/media?parent=6"}],"curies":[{"name":"wp","href":"https:\/\/api.w.org\/{rel}","templated":true}]}}